{"id":2536,"date":"2021-07-06T11:03:03","date_gmt":"2021-07-06T11:03:03","guid":{"rendered":"https:\/\/w-filter.eu\/startup-strainer\/"},"modified":"2026-03-12T12:03:25","modified_gmt":"2026-03-12T12:03:25","slug":"startup-strainer","status":"publish","type":"page","link":"https:\/\/w-filter.eu\/en\/startup-strainer\/","title":{"rendered":"Start-up Strainers &#8211; W-FILTER: Start-up Strainers for commissioning the plant"},"content":{"rendered":"<p><div class=\"fusion-fullwidth fullwidth-box fusion-builder-row-1 fusion-flex-container has-pattern-background has-mask-background nonhundred-percent-fullwidth non-hundred-percent-height-scrolling\" style=\"--awb-border-radius-top-left:0px;--awb-border-radius-top-right:0px;--awb-border-radius-bottom-right:0px;--awb-border-radius-bottom-left:0px;--awb-flex-wrap:wrap;\" ><div class=\"fusion-builder-row fusion-row fusion-flex-align-items-flex-start fusion-flex-content-wrap\" style=\"max-width:1331.2px;margin-left: calc(-4% \/ 2 );margin-right: calc(-4% \/ 2 );\"><div class=\"fusion-layout-column fusion_builder_column fusion-builder-column-0 fusion_builder_column_1_1 1_1 fusion-flex-column\" style=\"--awb-bg-size:cover;--awb-width-large:100%;--awb-margin-top-large:0px;--awb-spacing-right-large:1.92%;--awb-margin-bottom-large:20px;--awb-spacing-left-large:1.92%;--awb-width-medium:100%;--awb-order-medium:0;--awb-spacing-right-medium:1.92%;--awb-spacing-left-medium:1.92%;--awb-width-small:100%;--awb-order-small:0;--awb-spacing-right-small:1.92%;--awb-spacing-left-small:1.92%;\"><div class=\"fusion-column-wrapper fusion-column-has-shadow fusion-flex-justify-content-flex-start fusion-content-layout-column\"><\/div><\/div><\/div><\/div><div class=\"fusion-fullwidth fullwidth-box fusion-builder-row-2 fusion-flex-container nonhundred-percent-fullwidth non-hundred-percent-height-scrolling product_first_container\" style=\"--awb-border-radius-top-left:0px;--awb-border-radius-top-right:0px;--awb-border-radius-bottom-right:0px;--awb-border-radius-bottom-left:0px;--awb-padding-top:50px;--awb-padding-bottom:50px;--awb-padding-top-small:12px;--awb-margin-top-small:0px;--awb-flex-wrap:wrap;\" id=\"hutsiebe\" ><div class=\"fusion-builder-row fusion-row fusion-flex-align-items-flex-start fusion-flex-content-wrap\" style=\"max-width:1331.2px;margin-left: calc(-4% \/ 2 );margin-right: calc(-4% \/ 2 );\"><div class=\"fusion-layout-column fusion_builder_column fusion-builder-column-1 fusion_builder_column_1_2 1_2 fusion-flex-column slider-box\" style=\"--awb-padding-top-small:7px;--awb-bg-size:cover;--awb-width-large:50%;--awb-margin-top-large:40px;--awb-spacing-right-large:3.84%;--awb-margin-bottom-large:20px;--awb-spacing-left-large:3.84%;--awb-width-medium:50%;--awb-order-medium:0;--awb-spacing-right-medium:3.84%;--awb-spacing-left-medium:3.84%;--awb-width-small:100%;--awb-order-small:0;--awb-spacing-right-small:1.92%;--awb-spacing-left-small:1.92%;\"><div class=\"fusion-column-wrapper fusion-column-has-shadow fusion-flex-justify-content-flex-start fusion-content-layout-column\">\n\t\t\t\t<p class=\"rs-p-wp-fix\"><\/p>\n\t\t\t\t<sr7-module data-alias=\"doppelfilter-1\" data-id=\"19\" id=\"SR7_19_1\" class=\"rs-ov-hidden\" data-version=\"6.7.53\">\n\t\t\t\t\t<sr7-adjuster><\/sr7-adjuster>\n\t\t\t\t\t<sr7-content>\n\t\t\t\t\t\t<sr7-carousel>\n\t\t\t\t\t\t<sr7-slide id=\"SR7_19_1-41\" data-key=\"41\">\n\t\t\t\t\t\t\t<sr7-txt id=\"SR7_19_1-41-18\" class=\"sr7-layer\">Produktname W-XY<\/sr7-txt>\n\t\t\t\t\t\t\t<sr7-txt id=\"SR7_19_1-41-19\" class=\"sr7-layer\">Mit Schwenkarm\n\u2265 DN 500<\/sr7-txt>\n\t\t\t\t\t\t<\/sr7-slide>\n\t\t\t\t\t\t<sr7-slide id=\"SR7_19_1-42\" data-key=\"42\">\n\t\t\t\t\t\t\t<sr7-txt id=\"SR7_19_1-42-18\" class=\"sr7-layer\">Produktname W-XY<\/sr7-txt>\n\t\t\t\t\t\t\t<sr7-txt id=\"SR7_19_1-42-19\" class=\"sr7-layer\">Mit Schwenkarm\n\u2265 DN 500<\/sr7-txt>\n\t\t\t\t\t\t<\/sr7-slide>\n\t\t\t\t\t\t<sr7-slide id=\"SR7_19_1-80\" data-key=\"80\">\n\t\t\t\t\t\t\t<sr7-txt id=\"SR7_19_1-80-18\" class=\"sr7-layer\">Produktname W-XY<\/sr7-txt>\n\t\t\t\t\t\t\t<sr7-txt id=\"SR7_19_1-80-19\" class=\"sr7-layer\">Mit Schwenkarm\n\u2265 DN 500<\/sr7-txt>\n\t\t\t\t\t\t<\/sr7-slide>\n\t\t\t\t\t\t<sr7-slide id=\"SR7_19_1-151\" data-key=\"151\">\n\t\t\t\t\t\t\t<sr7-txt id=\"SR7_19_1-151-17\" class=\"sr7-layer\"><i class=\"fa-chevron-left\"><\/i><\/sr7-txt>\n\t\t\t\t\t\t\t<sr7-txt id=\"SR7_19_1-151-20\" class=\"sr7-layer\"><i class=\"fa-chevron-left\"><\/i><\/sr7-txt>\n\t\t\t\t\t\t<\/sr7-slide>\n\t\t\t\t\t\t<\/sr7-carousel>\n\t\t\t\t\t<\/sr7-content>\n\t\t\t\t\t<image_lists style=\"display:none\">\n\t\t\t\t\t\t<img data-src=\"\/\/w-filter.eu\/wp-content\/uploads\/2021\/09\/hutsieb-004_200dpi.png\" data-libid=\"1376\" data-lib=\"medialibrary\" title=\"hutsieb 004_200dpi\" width=\"0\" height=\"0\" data-dbsrc=\"Ly93LWZpbHRlci5ldS93cC1jb250ZW50L3VwbG9hZHMvMjAyMS8wOS9odXRzaWViLTAwNF8yMDBkcGkucG5n\"\/>\n\t\t\t\t\t\t<img data-src=\"\/\/w-filter.eu\/wp-content\/uploads\/2021\/06\/Produktkarte_03.jpg\" data-libid=\"259\" data-lib=\"medialibrary\" title=\"Produktkarte_03\" width=\"0\" height=\"0\" data-dbsrc=\"Ly93LWZpbHRlci5ldS93cC1jb250ZW50L3VwbG9hZHMvMjAyMS8wNi9Qcm9kdWt0a2FydGVfMDMuanBn\"\/>\n\t\t\t\t\t\t<img data-src=\"\/\/w-filter.eu\/wp-content\/uploads\/2023\/04\/W-HS_a.png\" data-libid=\"1939\" data-lib=\"medialibrary\" title=\"W-HS_a\" width=\"0\" height=\"0\" data-dbsrc=\"Ly93LWZpbHRlci5ldS93cC1jb250ZW50L3VwbG9hZHMvMjAyMy8wNC9XLUhTX2EucG5n\"\/>\n\t\t\t\t\t\t<img data-src=\"\/\/w-filter.eu\/wp-content\/uploads\/2023\/04\/1114514.png\" data-libid=\"1940\" data-lib=\"medialibrary\" title=\"1114514\" width=\"0\" height=\"0\" data-dbsrc=\"Ly93LWZpbHRlci5ldS93cC1jb250ZW50L3VwbG9hZHMvMjAyMy8wNC8xMTE0NTE0LnBuZw==\"\/>\n\t\t\t\t\t\t<img data-src=\"\/\/w-filter.eu\/wp-content\/uploads\/2021\/07\/Made-in-Germany.jpg\" data-libid=\"801\" data-lib=\"medialibrary\" title=\"Made in Germany\" width=\"0\" height=\"0\" data-dbsrc=\"Ly93LWZpbHRlci5ldS93cC1jb250ZW50L3VwbG9hZHMvMjAyMS8wNy9NYWRlLWluLUdlcm1hbnkuanBn\"\/>\n\t\t\t\t\t<\/image_lists>\n\t\t\t\t<\/sr7-module>\n\t\t\t\t<script>\n\t\t\t\t\twindow.SR7 ??={};SR7.PMH ??={}; SR7.PMH[\"SR7_19_1\"] = {cn:100,state:false,fn: function() { if (window._tpt!==undefined && window._tpt.prepareModuleHeight !== undefined) {  _tpt.prepareModuleHeight({id:\"SR7_19_1\",el:[555,555,768,960,720],type:'carousel',shdw:'0',gh:[555,555,,,],gw:[633,633,,,],vpt:['-200px'],size:{fullWidth:false, fullHeight:false},mh:'0',onh:0,onw:0,bg:{color:'{\"orig\":\"transparent\",\"type\":\"solid\",\"string\":\"transparent\"}'},carousel:{pt:'0',pb:'0'}});   SR7.PMH[\"SR7_19_1\"].state=true;} else if(SR7.PMH[\"SR7_19_1\"].cn-->0)\tsetTimeout( SR7.PMH[\"SR7_19_1\"].fn,19);}};SR7.PMH[\"SR7_19_1\" ].fn();\n\t\t\t\t<\/script>\n<\/div><\/div><div class=\"fusion-layout-column fusion_builder_column fusion-builder-column-2 fusion_builder_column_1_3 1_3 fusion-flex-column\" style=\"--awb-bg-size:cover;--awb-width-large:33.333333333333%;--awb-margin-top-large:0px;--awb-spacing-right-large:5.76%;--awb-margin-bottom-large:20px;--awb-spacing-left-large:5.76%;--awb-width-medium:50%;--awb-order-medium:0;--awb-spacing-right-medium:3.84%;--awb-spacing-left-medium:3.84%;--awb-width-small:100%;--awb-order-small:0;--awb-spacing-right-small:1.92%;--awb-spacing-left-small:1.92%;\"><div class=\"fusion-column-wrapper fusion-column-has-shadow fusion-flex-justify-content-flex-start fusion-content-layout-column\"><div class=\"fusion-text fusion-text-1 fusion-text-no-margin\" style=\"--awb-margin-bottom:-15px;\"><p>Start-up Sieve<\/p>\n<\/div><div class=\"fusion-title title fusion-title-1 fusion-sep-none fusion-title-text fusion-title-size-two product-type_headline\" style=\"--awb-margin-top-small:10px;--awb-margin-right-small:0px;--awb-margin-bottom-small:10px;--awb-margin-left-small:0px;\"><h2 class=\"fusion-title-heading title-heading-left\" style=\"margin:0;\">START-UP STRAINER W-HS<\/h2><\/div><div class=\"fusion-text fusion-text-2 small_headline\" style=\"--awb-text-color:#327663;--awb-margin-top:20px;\"><p><strong>Technical Data<\/strong><\/p>\n<\/div><div class=\"fusion-text fusion-text-3 technische_daten\"><hr>\n<p><strong>Nominal sizes:<\/strong> DN 50\/2&#8243; &#8211; DN 600\/24&#8243;<\/p>\n<hr>\n<p><strong>Material startup filters:<\/strong> 1.4301\/1.4401<\/p>\n<hr>\n<p><strong>Material Housing:<\/strong> P235GH, 1.4571<\/p>\n<hr>\n<\/div><div class=\"fusion-separator fusion-full-width-sep\" style=\"align-self: center;margin-left: auto;margin-right: auto;margin-bottom:40px;width:100%;\"><\/div><div class=\"fusion-builder-row fusion-builder-row-inner fusion-row fusion-flex-align-items-flex-start fusion-flex-content-wrap\" style=\"--awb-flex-grow:0;--awb-flex-grow-medium:0;--awb-flex-grow-small:0;--awb-flex-shrink:0;--awb-flex-shrink-medium:0;--awb-flex-shrink-small:0;width:104% !important;max-width:104% !important;margin-left: calc(-4% \/ 2 );margin-right: calc(-4% \/ 2 );\"><div class=\"fusion-layout-column fusion_builder_column_inner fusion-builder-nested-column-0 fusion_builder_column_inner_1_4 1_4 fusion-flex-column fusion-column-inner-bg-wrapper pdf_download_image\" style=\"--awb-inner-bg-size:cover;--awb-width-large:25%;--awb-margin-top-large:0px;--awb-spacing-right-large:7.68%;--awb-margin-bottom-large:20px;--awb-spacing-left-large:7.68%;--awb-width-medium:25%;--awb-order-medium:0;--awb-spacing-right-medium:7.68%;--awb-spacing-left-medium:7.68%;--awb-width-small:25%;--awb-order-small:0;--awb-spacing-right-small:7.68%;--awb-spacing-left-small:7.68%;\"><span class=\"fusion-column-inner-bg hover-type-none\"><a class=\"fusion-column-anchor\" href=\"https:\/\/w-filter.eu\/wp-content\/uploads\/2025\/09\/W-FILTER_Typ_W-HS_Technische-Daten_DE.pdf\"><span class=\"fusion-column-inner-bg-image\"><\/span><\/a><\/span><div class=\"fusion-column-wrapper fusion-column-has-shadow fusion-flex-justify-content-flex-start fusion-content-layout-column\"><div class=\"fusion-image-element \" style=\"--awb-max-width:80px;--awb-caption-title-font-family:var(--h2_typography-font-family);--awb-caption-title-font-weight:var(--h2_typography-font-weight);--awb-caption-title-font-style:var(--h2_typography-font-style);--awb-caption-title-size:var(--h2_typography-font-size);--awb-caption-title-transform:var(--h2_typography-text-transform);--awb-caption-title-line-height:var(--h2_typography-line-height);--awb-caption-title-letter-spacing:var(--h2_typography-letter-spacing);\"><span class=\" fusion-imageframe imageframe-none imageframe-1 hover-type-none\"><a class=\"fusion-no-lightbox\" href=\"https:\/\/w-filter.eu\/wp-content\/uploads\/2025\/07\/W-FILTER_Typ_W_Technische-Daten_web_DE_2025.pdf\" target=\"_blank\" aria-label=\"document\" rel=\"noopener noreferrer\"><img decoding=\"async\" width=\"378\" height=\"503\" src=\"https:\/\/w-filter.eu\/wp-content\/uploads\/2021\/07\/document.png\" alt class=\"img-responsive wp-image-2239\" srcset=\"https:\/\/w-filter.eu\/wp-content\/uploads\/2021\/07\/document-200x266.png 200w, https:\/\/w-filter.eu\/wp-content\/uploads\/2021\/07\/document.png 378w\" sizes=\"(max-width: 640px) 100vw, 378px\" \/><\/a><\/span><\/div><\/div><\/div><div class=\"fusion-layout-column fusion_builder_column_inner fusion-builder-nested-column-1 fusion_builder_column_inner_1_3 1_3 fusion-flex-column fusion-column-inner-bg-wrapper pdf_download_text\" style=\"--awb-padding-top-small:12px;--awb-inner-bg-size:cover;--awb-width-large:33.333333333333%;--awb-margin-top-large:0px;--awb-spacing-right-large:5.76%;--awb-margin-bottom-large:20px;--awb-spacing-left-large:5.76%;--awb-width-medium:66.666666666667%;--awb-order-medium:0;--awb-spacing-right-medium:2.88%;--awb-spacing-left-medium:2.88%;--awb-width-small:75%;--awb-order-small:0;--awb-margin-top-small:-15px;--awb-spacing-right-small:2.56%;--awb-spacing-left-small:2.56%;\"><span class=\"fusion-column-inner-bg hover-type-none\"><a class=\"fusion-column-anchor\" href=\"https:\/\/w-filter.eu\/wp-content\/uploads\/2025\/09\/W-FILTER_Typ_W-HS_Technische-Daten_DE.pdf\" rel=\"noopener noreferrer\" target=\"_blank\"><span class=\"fusion-column-inner-bg-image\"><\/span><\/a><\/span><div class=\"fusion-column-wrapper fusion-column-has-shadow fusion-flex-justify-content-flex-start fusion-content-layout-column\"><div class=\"fusion-text fusion-text-4\"><p><strong>PDF<\/strong> Download<br \/>Documentation<br \/>Conical Sieve W-HS<\/p>\n<\/div><\/div><\/div><\/div><\/div><\/div><\/div><\/div><div class=\"fusion-fullwidth fullwidth-box fusion-builder-row-3 fusion-flex-container nonhundred-percent-fullwidth non-hundred-percent-height-scrolling\" style=\"--awb-border-radius-top-left:0px;--awb-border-radius-top-right:0px;--awb-border-radius-bottom-right:0px;--awb-border-radius-bottom-left:0px;--awb-padding-top:100px;--awb-padding-bottom:50px;--awb-padding-top-small:60px;--awb-margin-top:-100px;--awb-flex-wrap:wrap;\" ><div class=\"fusion-builder-row fusion-row fusion-flex-align-items-flex-start fusion-flex-content-wrap\" style=\"max-width:1331.2px;margin-left: calc(-4% \/ 2 );margin-right: calc(-4% \/ 2 );\"><div class=\"fusion-layout-column fusion_builder_column fusion-builder-column-3 fusion_builder_column_1_2 1_2 fusion-flex-column beschreibung\" style=\"--awb-bg-size:cover;--awb-width-large:50%;--awb-margin-top-large:0px;--awb-spacing-right-large:3.84%;--awb-margin-bottom-large:20px;--awb-spacing-left-large:3.84%;--awb-width-medium:50%;--awb-order-medium:0;--awb-spacing-right-medium:3.84%;--awb-spacing-left-medium:3.84%;--awb-width-small:100%;--awb-order-small:0;--awb-spacing-right-small:1.92%;--awb-spacing-left-small:1.92%;\"><div class=\"fusion-column-wrapper fusion-column-has-shadow fusion-flex-justify-content-flex-start fusion-content-layout-column\"><div class=\"fusion-title title fusion-title-2 fusion-sep-none fusion-title-text fusion-title-size-two bigger_headline\" style=\"--awb-margin-top-small:10px;--awb-margin-right-small:0px;--awb-margin-bottom-small:10px;--awb-margin-left-small:0px;\"><h2 class=\"fusion-title-heading title-heading-left\" style=\"margin:0;\"><strong>Cone Strainers \/ Start-up Strainers Type W-HS \u2013 Reliable System Cleaning During Commissioning<\/strong><\/h2><\/div><div class=\"fusion-text fusion-text-5\"><p class=\"p1\">Type W-HS cone strainers are specifically used during plant commissioning to clean piping systems effectively and efficiently. As proven start-up strainers, they reliably protect downstream valves, pumps, and measuring devices from dirt particles and installation residues. <\/p>\n<p><strong>Robust design for temporary use<\/strong><\/p>\n<p>The W-HS startup strainers feature a high-quality stainless-steel screen insert (W-HS-S). This insert is mounted as a clamping solution between the DIN or ANSI flanges of the W-HS-G housing. This design allows for quick installation without extensive effort and is ideal for temporary use during the start-up phase.  <\/p>\n<p><strong>Wide range of sizes and designs<\/strong><\/p>\n<p>The conical strainers are standardly available in:<\/p>\n<ul>\n<li><span style=\"color: var(--awb-color6);\">Nominal sizes from DN 50 \/ 2\u2033 to DN 600 \/ 24\u2033<\/span><\/li>\n<li><span style=\"color: var(--awb-color5);\"><span style=\"color: var(--awb-color6);\">Various <\/span><span style=\"color: var(--awb-color6);\">mesh sizes<\/span><\/span><\/li>\n<li><span style=\"color: var(--awb-color6);\">Face-to-face lengths according to EN 558-1<\/span><\/li>\n<\/ul>\n<p><span style=\"color: rgb(74, 78, 87);\">This allows Type W-HS cone strainers to be flexibly adapted to different plant requirements.<\/span><\/p>\n<p><strong>Special designs and accessories available on request<\/strong><\/p>\n<p>For specific applications, special lengths and additional accessories are available, including:<\/p>\n<ul>\n<li><span style=\"color: var(--awb-color6);\">Connections for differential pressure measurement<\/span><\/li>\n<li><span style=\"color: var(--awb-color6);\">Customized adaptations to process conditions<\/span><\/li>\n<\/ul>\n<\/div><\/div><\/div><div class=\"fusion-layout-column fusion_builder_column fusion-builder-column-4 fusion_builder_column_1_2 1_2 fusion-flex-column beschreibung\" style=\"--awb-bg-size:cover;--awb-width-large:50%;--awb-margin-top-large:0px;--awb-spacing-right-large:3.84%;--awb-margin-bottom-large:20px;--awb-spacing-left-large:3.84%;--awb-width-medium:50%;--awb-order-medium:0;--awb-spacing-right-medium:3.84%;--awb-spacing-left-medium:3.84%;--awb-width-small:100%;--awb-order-small:0;--awb-spacing-right-small:1.92%;--awb-spacing-left-small:1.92%;\"><div class=\"fusion-column-wrapper fusion-column-has-shadow fusion-flex-justify-content-flex-start fusion-content-layout-column\"><div class=\"fusion-image-element \" style=\"--awb-caption-title-font-family:var(--h2_typography-font-family);--awb-caption-title-font-weight:var(--h2_typography-font-weight);--awb-caption-title-font-style:var(--h2_typography-font-style);--awb-caption-title-size:var(--h2_typography-font-size);--awb-caption-title-transform:var(--h2_typography-text-transform);--awb-caption-title-line-height:var(--h2_typography-line-height);--awb-caption-title-letter-spacing:var(--h2_typography-letter-spacing);\"><span class=\" fusion-imageframe imageframe-none imageframe-2 hover-type-none\"><img decoding=\"async\" width=\"860\" height=\"544\" title=\"W-HS_frei\" src=\"https:\/\/w-filter.eu\/wp-content\/uploads\/2023\/04\/W-HS_frei.jpg\" alt class=\"img-responsive wp-image-2419\" srcset=\"https:\/\/w-filter.eu\/wp-content\/uploads\/2023\/04\/W-HS_frei-200x127.jpg 200w, https:\/\/w-filter.eu\/wp-content\/uploads\/2023\/04\/W-HS_frei-400x253.jpg 400w, https:\/\/w-filter.eu\/wp-content\/uploads\/2023\/04\/W-HS_frei-600x380.jpg 600w, https:\/\/w-filter.eu\/wp-content\/uploads\/2023\/04\/W-HS_frei-800x506.jpg 800w, https:\/\/w-filter.eu\/wp-content\/uploads\/2023\/04\/W-HS_frei.jpg 860w\" sizes=\"(max-width: 640px) 100vw, 800px\" \/><\/span><\/div><\/div><\/div><\/div><\/div><div class=\"fusion-fullwidth fullwidth-box fusion-builder-row-4 fusion-flex-container nonhundred-percent-fullwidth non-hundred-percent-height-scrolling\" style=\"--awb-border-radius-top-left:0px;--awb-border-radius-top-right:0px;--awb-border-radius-bottom-right:0px;--awb-border-radius-bottom-left:0px;--awb-padding-top:60px;--awb-padding-bottom:50px;--awb-background-color:#ededed;--awb-flex-wrap:wrap;\" ><div class=\"fusion-builder-row fusion-row fusion-flex-align-items-flex-start fusion-flex-content-wrap\" style=\"max-width:1331.2px;margin-left: calc(-4% \/ 2 );margin-right: calc(-4% \/ 2 );\"><div class=\"fusion-layout-column fusion_builder_column fusion-builder-column-5 fusion_builder_column_1_1 1_1 fusion-flex-column\" style=\"--awb-bg-size:cover;--awb-width-large:100%;--awb-margin-top-large:0px;--awb-spacing-right-large:1.92%;--awb-margin-bottom-large:20px;--awb-spacing-left-large:1.92%;--awb-width-medium:100%;--awb-order-medium:0;--awb-spacing-right-medium:1.92%;--awb-spacing-left-medium:1.92%;--awb-width-small:100%;--awb-order-small:0;--awb-spacing-right-small:1.92%;--awb-spacing-left-small:1.92%;\"><div class=\"fusion-column-wrapper fusion-column-has-shadow fusion-flex-justify-content-flex-start fusion-content-layout-column\"><div class=\"fusion-text fusion-text-6\"><h2 style=\"text-align: center; font-size: 26px;\">Accessories \u2013 Equipment components for your strainer.<\/h2>\n<\/div><div style=\"text-align:center;\"><a class=\"fusion-button button-flat fusion-button-default-size button-default fusion-button-default button-1 fusion-button-default-span fusion-button-default-type\" style=\"--button-border-radius-top-left:0px;--button-border-radius-top-right:0px;--button-border-radius-bottom-right:0px;--button-border-radius-bottom-left:0px;\" target=\"_self\" href=\"https:\/\/w-filter.eu\/en\/accessories\/#zubehoer\"><span class=\"fusion-button-text awb-button__text awb-button__text--default\">Learn more<\/span><\/a><\/div><\/div><\/div><\/div><\/div><\/p>\n","protected":false},"excerpt":{"rendered":"","protected":false},"author":1,"featured_media":0,"parent":0,"menu_order":0,"comment_status":"closed","ping_status":"closed","template":"100-width.php","meta":{"inline_featured_image":false,"footnotes":""},"class_list":["post-2536","page","type-page","status-publish","hentry"],"yoast_head":"<!-- This site is optimized with the Yoast SEO plugin v27.4 - https:\/\/yoast.com\/product\/yoast-seo-wordpress\/ -->\n<title>Cone Strainers \u2013 start-up strainers for pipelines | W-FILTER stainless steel<\/title>\n<meta name=\"description\" content=\"Start-up sieves from W-FILTER made of stainless steel \u2013 intermediate flange filters for pipelines during commissioning and protection against foreign particles.\" \/>\n<meta name=\"robots\" content=\"index, follow, max-snippet:-1, max-image-preview:large, max-video-preview:-1\" \/>\n<link rel=\"canonical\" href=\"https:\/\/w-filter.eu\/en\/startup-strainer\/\" \/>\n<meta property=\"og:locale\" content=\"en_US\" \/>\n<meta property=\"og:type\" content=\"article\" \/>\n<meta property=\"og:title\" content=\"Cone Strainers \u2013 start-up strainers for pipelines | W-FILTER stainless steel\" \/>\n<meta property=\"og:description\" content=\"Start-up sieves from W-FILTER made of stainless steel \u2013 intermediate flange filters for pipelines during commissioning and protection against foreign particles.\" \/>\n<meta property=\"og:url\" content=\"https:\/\/w-filter.eu\/en\/startup-strainer\/\" \/>\n<meta property=\"og:site_name\" content=\"W-FILTER\" \/>\n<meta property=\"article:modified_time\" content=\"2026-03-12T12:03:25+00:00\" \/>\n<meta name=\"twitter:card\" content=\"summary_large_image\" \/>\n<meta name=\"twitter:label1\" content=\"Est. reading time\" \/>\n\t<meta name=\"twitter:data1\" content=\"15 minutes\" \/>\n<script type=\"application\/ld+json\" class=\"yoast-schema-graph\">{\"@context\":\"https:\\\/\\\/schema.org\",\"@graph\":[{\"@type\":\"WebPage\",\"@id\":\"https:\\\/\\\/w-filter.eu\\\/en\\\/startup-strainer\\\/\",\"url\":\"https:\\\/\\\/w-filter.eu\\\/en\\\/startup-strainer\\\/\",\"name\":\"Cone Strainers \u2013 start-up strainers for pipelines | W-FILTER stainless steel\",\"isPartOf\":{\"@id\":\"https:\\\/\\\/w-filter.eu\\\/en\\\/#website\"},\"datePublished\":\"2021-07-06T11:03:03+00:00\",\"dateModified\":\"2026-03-12T12:03:25+00:00\",\"description\":\"Start-up sieves from W-FILTER made of stainless steel \u2013 intermediate flange filters for pipelines during commissioning and protection against foreign particles.\",\"breadcrumb\":{\"@id\":\"https:\\\/\\\/w-filter.eu\\\/en\\\/startup-strainer\\\/#breadcrumb\"},\"inLanguage\":\"en-US\",\"potentialAction\":[{\"@type\":\"ReadAction\",\"target\":[\"https:\\\/\\\/w-filter.eu\\\/en\\\/startup-strainer\\\/\"]}]},{\"@type\":\"BreadcrumbList\",\"@id\":\"https:\\\/\\\/w-filter.eu\\\/en\\\/startup-strainer\\\/#breadcrumb\",\"itemListElement\":[{\"@type\":\"ListItem\",\"position\":1,\"name\":\"Startseite\",\"item\":\"https:\\\/\\\/w-filter.eu\\\/en\\\/\"},{\"@type\":\"ListItem\",\"position\":2,\"name\":\"Start-up Strainers &#8211; W-FILTER: Start-up Strainers for commissioning the plant\"}]},{\"@type\":\"WebSite\",\"@id\":\"https:\\\/\\\/w-filter.eu\\\/en\\\/#website\",\"url\":\"https:\\\/\\\/w-filter.eu\\\/en\\\/\",\"name\":\"W-FILTER Schmutzf\u00e4nger, Hutsiebe, Doppelfilter, Zubeh\u00f6r\",\"description\":\"W-FILTER Siebkorbfilter, Schmutzf\u00e4nger, Hutsiebe, Doppelfilter, Zubeh\u00f6r\",\"alternateName\":\"Ihr kompetenter Partner f\u00fcr Filter.\",\"potentialAction\":[{\"@type\":\"SearchAction\",\"target\":{\"@type\":\"EntryPoint\",\"urlTemplate\":\"https:\\\/\\\/w-filter.eu\\\/en\\\/?s={search_term_string}\"},\"query-input\":{\"@type\":\"PropertyValueSpecification\",\"valueRequired\":true,\"valueName\":\"search_term_string\"}}],\"inLanguage\":\"en-US\"}]}<\/script>\n<!-- \/ Yoast SEO plugin. -->","yoast_head_json":{"title":"Cone Strainers \u2013 start-up strainers for pipelines | W-FILTER stainless steel","description":"Start-up sieves from W-FILTER made of stainless steel \u2013 intermediate flange filters for pipelines during commissioning and protection against foreign particles.","robots":{"index":"index","follow":"follow","max-snippet":"max-snippet:-1","max-image-preview":"max-image-preview:large","max-video-preview":"max-video-preview:-1"},"canonical":"https:\/\/w-filter.eu\/en\/startup-strainer\/","og_locale":"en_US","og_type":"article","og_title":"Cone Strainers \u2013 start-up strainers for pipelines | W-FILTER stainless steel","og_description":"Start-up sieves from W-FILTER made of stainless steel \u2013 intermediate flange filters for pipelines during commissioning and protection against foreign particles.","og_url":"https:\/\/w-filter.eu\/en\/startup-strainer\/","og_site_name":"W-FILTER","article_modified_time":"2026-03-12T12:03:25+00:00","twitter_card":"summary_large_image","twitter_misc":{"Est. reading time":"15 minutes"},"schema":{"@context":"https:\/\/schema.org","@graph":[{"@type":"WebPage","@id":"https:\/\/w-filter.eu\/en\/startup-strainer\/","url":"https:\/\/w-filter.eu\/en\/startup-strainer\/","name":"Cone Strainers \u2013 start-up strainers for pipelines | W-FILTER stainless steel","isPartOf":{"@id":"https:\/\/w-filter.eu\/en\/#website"},"datePublished":"2021-07-06T11:03:03+00:00","dateModified":"2026-03-12T12:03:25+00:00","description":"Start-up sieves from W-FILTER made of stainless steel \u2013 intermediate flange filters for pipelines during commissioning and protection against foreign particles.","breadcrumb":{"@id":"https:\/\/w-filter.eu\/en\/startup-strainer\/#breadcrumb"},"inLanguage":"en-US","potentialAction":[{"@type":"ReadAction","target":["https:\/\/w-filter.eu\/en\/startup-strainer\/"]}]},{"@type":"BreadcrumbList","@id":"https:\/\/w-filter.eu\/en\/startup-strainer\/#breadcrumb","itemListElement":[{"@type":"ListItem","position":1,"name":"Startseite","item":"https:\/\/w-filter.eu\/en\/"},{"@type":"ListItem","position":2,"name":"Start-up Strainers &#8211; W-FILTER: Start-up Strainers for commissioning the plant"}]},{"@type":"WebSite","@id":"https:\/\/w-filter.eu\/en\/#website","url":"https:\/\/w-filter.eu\/en\/","name":"W-FILTER Schmutzf\u00e4nger, Hutsiebe, Doppelfilter, Zubeh\u00f6r","description":"W-FILTER Siebkorbfilter, Schmutzf\u00e4nger, Hutsiebe, Doppelfilter, Zubeh\u00f6r","alternateName":"Ihr kompetenter Partner f\u00fcr Filter.","potentialAction":[{"@type":"SearchAction","target":{"@type":"EntryPoint","urlTemplate":"https:\/\/w-filter.eu\/en\/?s={search_term_string}"},"query-input":{"@type":"PropertyValueSpecification","valueRequired":true,"valueName":"search_term_string"}}],"inLanguage":"en-US"}]}},"_links":{"self":[{"href":"https:\/\/w-filter.eu\/en\/wp-json\/wp\/v2\/pages\/2536","targetHints":{"allow":["GET"]}}],"collection":[{"href":"https:\/\/w-filter.eu\/en\/wp-json\/wp\/v2\/pages"}],"about":[{"href":"https:\/\/w-filter.eu\/en\/wp-json\/wp\/v2\/types\/page"}],"author":[{"embeddable":true,"href":"https:\/\/w-filter.eu\/en\/wp-json\/wp\/v2\/users\/1"}],"replies":[{"embeddable":true,"href":"https:\/\/w-filter.eu\/en\/wp-json\/wp\/v2\/comments?post=2536"}],"version-history":[{"count":45,"href":"https:\/\/w-filter.eu\/en\/wp-json\/wp\/v2\/pages\/2536\/revisions"}],"predecessor-version":[{"id":4485,"href":"https:\/\/w-filter.eu\/en\/wp-json\/wp\/v2\/pages\/2536\/revisions\/4485"}],"wp:attachment":[{"href":"https:\/\/w-filter.eu\/en\/wp-json\/wp\/v2\/media?parent=2536"}],"curies":[{"name":"wp","href":"https:\/\/api.w.org\/{rel}","templated":true}]}}