{"id":2572,"date":"2021-07-30T08:59:32","date_gmt":"2021-07-30T08:59:32","guid":{"rendered":"https:\/\/w-filter.eu\/imprint\/"},"modified":"2025-09-06T06:10:44","modified_gmt":"2025-09-06T06:10:44","slug":"imprint","status":"publish","type":"page","link":"https:\/\/w-filter.eu\/en\/imprint\/","title":{"rendered":"Imprint"},"content":{"rendered":"<div class=\"fusion-fullwidth fullwidth-box fusion-builder-row-1 fusion-flex-container nonhundred-percent-fullwidth non-hundred-percent-height-scrolling fusion-custom-z-index\" style=\"--awb-border-radius-top-left:0px;--awb-border-radius-top-right:0px;--awb-border-radius-bottom-right:0px;--awb-border-radius-bottom-left:0px;--awb-z-index:1;--awb-padding-top:50px;--awb-flex-wrap:wrap;\" id=\"impressum\" ><div class=\"fusion-builder-row fusion-row fusion-flex-align-items-flex-start fusion-flex-content-wrap\" style=\"max-width:1331.2px;margin-left: calc(-4% \/ 2 );margin-right: calc(-4% \/ 2 );\"><div class=\"fusion-layout-column fusion_builder_column fusion-builder-column-0 fusion_builder_column_1_1 1_1 fusion-flex-column\" style=\"--awb-bg-size:cover;--awb-width-large:100%;--awb-margin-top-large:0px;--awb-spacing-right-large:1.92%;--awb-margin-bottom-large:20px;--awb-spacing-left-large:1.92%;--awb-width-medium:100%;--awb-order-medium:0;--awb-spacing-right-medium:1.92%;--awb-spacing-left-medium:1.92%;--awb-width-small:100%;--awb-order-small:0;--awb-spacing-right-small:1.92%;--awb-spacing-left-small:1.92%;\"><div class=\"fusion-column-wrapper fusion-column-has-shadow fusion-flex-justify-content-flex-start fusion-content-layout-column\"><div class=\"fusion-text fusion-text-1\"><h2>Imprint<\/h2>\n<p class=\"p1\">W-FILTER GmbH<br \/>\n<strong>Managing Director: <\/strong><br \/>Dirk Waldow<\/p>\n<p class=\"p4\">\n<h3>Headquarters:<br \/><span style=\"color: rgb(74, 78, 87); font-size: 16px; font-weight: 400; background-color: rgba(0, 0, 0, 0);\">Heydenreichstr. 8<br \/><\/span><span style=\"color: rgb(74, 78, 87); font-size: 16px; font-weight: 400; background-color: rgba(0, 0, 0, 0);\">D-67346 Speyer<br \/><\/span><span style=\"color: rgb(74, 78, 87); font-size: 16px; font-weight: 400; background-color: rgba(0, 0, 0, 0);\">Deutschland<\/span><\/h3>\n<\/p>\n<p class=\"p4\">\n<h3>Production\/Warehouse:<br \/><span style=\"color: rgb(74, 78, 87); font-size: 16px; font-weight: 400; background-color: rgba(0, 0, 0, 0);\">Stockholmer Str. 7<br \/><\/span><span style=\"color: rgb(74, 78, 87); font-size: 16px; font-weight: 400; background-color: rgba(0, 0, 0, 0);\">D-67346 Speyer<br \/><\/span><span style=\"color: rgb(74, 78, 87); font-size: 16px; font-weight: 400; background-color: rgba(0, 0, 0, 0);\">Deutschland<\/span><\/h3>\n<\/p>\n<h3>Contact<br \/><span style=\"color: rgb(74, 78, 87); font-size: 16px; font-weight: 400; background-color: rgba(0, 0, 0, 0);\">Telefon: +49 6232 85 428 10<br \/><\/span><span style=\"background-color: rgba(0, 0, 0, 0); color: rgb(74, 78, 87); font-size: 16px; font-weight: 400;\">Telefax: +49 6232 85 428 90<br \/><\/span><span style=\"color: rgb(74, 78, 87); font-size: 16px; font-weight: 400; background-color: rgba(0, 0, 0, 0);\">E-Mail: <\/span><a href=\"mailto:info@w-filter.eu\" style=\"font-size: 16px; font-weight: 400; background-color: rgba(0, 0, 0, 0);\">info[at]w-filter.eu<\/a><\/h3>\n<\/p>\n<h3>District Court:<br \/><span style=\"color: rgb(74, 78, 87); font-size: 16px; font-weight: 400; background-color: rgba(0, 0, 0, 0);\">Amtsgericht Ludwigshafen\/Rhein<\/span><\/h3>\n<h3>Register:<br \/><span style=\"color: rgb(74, 78, 87); font-size: 16px; font-weight: 400; background-color: rgba(0, 0, 0, 0);\">HRB 65186<\/span><\/h3>\n<\/p>\n<h3><strong>VAT Identification Number :<\/strong> <br \/><span style=\"color: rgb(74, 78, 87); font-size: 16px; background-color: rgba(0, 0, 0, 0);\">according to \u00a7 27a of the VAT Act: <\/span><span style=\"color: rgb(74, 78, 87); font-size: 16px; background-color: rgba(0, 0, 0, 0);\"><span style=\"font-weight: 400;\">DE 310 093 233<br \/><\/span><\/span><strong style=\"color: rgb(74, 78, 87); font-size: 16px; background-color: rgba(0, 0, 0, 0);\">Content Responsible according to \u00a7 10 Paragraph 3 MDStV:  <\/strong><span style=\"color: rgb(74, 78, 87); font-size: 16px; font-weight: 400; background-color: rgba(0, 0, 0, 0);\">Dipl.-Wirt.Ing. Dirk Waldow<\/span><\/h3>\n<p>\u00a9 W-FILTER<\/p>\n<\/p>\n<h3><strong>Professional Liability Insurance<\/strong><\/h3>\n<p><strong><br \/>\nName and registered office of the insurer:<br \/>\n<\/strong>R+V Allgemeine<br \/>\nVersicherung AG<br \/>\nRaiffeisenplatz 1<br \/>\n65189 Wiesbaden, Germany<\/p>\n<\/p>\n<p><strong>Scope of insurance coverage: <\/strong><span style=\"background-color: rgba(0, 0, 0, 0);\">Worldwide<\/span><\/p>\n<\/p>\n<h3>Editorially responsible<br \/><span style=\"color: rgb(74, 78, 87); font-size: 16px; font-weight: 400; background-color: rgba(0, 0, 0, 0);\">Dirk Waldow<br \/><\/span><span style=\"color: rgb(74, 78, 87); font-size: 16px; font-weight: 400; background-color: rgba(0, 0, 0, 0);\">Heydenreichstr. 8<br \/><\/span><span style=\"color: rgb(74, 78, 87); font-size: 16px; font-weight: 400; background-color: rgba(0, 0, 0, 0);\">67346 Speyer, Germany<\/span><\/h3>\n<\/p>\n<h3>Consumer Dispute Resolution\/Universal Arbitration Board<br \/><span style=\"color: rgb(74, 78, 87); font-size: 16px; font-weight: 400; background-color: rgba(0, 0, 0, 0);\">We are neither willing nor obliged to participate in dispute resolution proceedings before a consumer arbitration board.<\/span><\/h3>\n<\/p>\n<p><strong>Source<br \/>\n<\/strong><a href=\"https:\/\/www.e-recht24.de\/\">eRecht24<\/a><\/p>\n<\/div><\/div><\/div><\/div><\/div>\n","protected":false},"excerpt":{"rendered":"","protected":false},"author":1,"featured_media":0,"parent":0,"menu_order":0,"comment_status":"closed","ping_status":"closed","template":"100-width.php","meta":{"inline_featured_image":false,"footnotes":""},"class_list":["post-2572","page","type-page","status-publish","hentry"],"yoast_head":"<!-- This site is optimized with the Yoast SEO plugin v27.4 - https:\/\/yoast.com\/product\/yoast-seo-wordpress\/ -->\n<title>Imprint - W-FILTER<\/title>\n<meta name=\"robots\" content=\"index, follow, max-snippet:-1, max-image-preview:large, max-video-preview:-1\" \/>\n<link rel=\"canonical\" href=\"https:\/\/w-filter.eu\/en\/imprint\/\" \/>\n<meta property=\"og:locale\" content=\"en_US\" \/>\n<meta property=\"og:type\" content=\"article\" \/>\n<meta property=\"og:title\" content=\"Imprint - W-FILTER\" \/>\n<meta property=\"og:url\" content=\"https:\/\/w-filter.eu\/en\/imprint\/\" \/>\n<meta property=\"og:site_name\" content=\"W-FILTER\" \/>\n<meta property=\"article:modified_time\" content=\"2025-09-06T06:10:44+00:00\" \/>\n<meta name=\"twitter:card\" content=\"summary_large_image\" \/>\n<meta name=\"twitter:label1\" content=\"Est. reading time\" \/>\n\t<meta name=\"twitter:data1\" content=\"2 minutes\" \/>\n<script type=\"application\/ld+json\" class=\"yoast-schema-graph\">{\"@context\":\"https:\\\/\\\/schema.org\",\"@graph\":[{\"@type\":\"WebPage\",\"@id\":\"https:\\\/\\\/w-filter.eu\\\/en\\\/imprint\\\/\",\"url\":\"https:\\\/\\\/w-filter.eu\\\/en\\\/imprint\\\/\",\"name\":\"Imprint - W-FILTER\",\"isPartOf\":{\"@id\":\"https:\\\/\\\/w-filter.eu\\\/en\\\/#website\"},\"datePublished\":\"2021-07-30T08:59:32+00:00\",\"dateModified\":\"2025-09-06T06:10:44+00:00\",\"breadcrumb\":{\"@id\":\"https:\\\/\\\/w-filter.eu\\\/en\\\/imprint\\\/#breadcrumb\"},\"inLanguage\":\"en-US\",\"potentialAction\":[{\"@type\":\"ReadAction\",\"target\":[\"https:\\\/\\\/w-filter.eu\\\/en\\\/imprint\\\/\"]}]},{\"@type\":\"BreadcrumbList\",\"@id\":\"https:\\\/\\\/w-filter.eu\\\/en\\\/imprint\\\/#breadcrumb\",\"itemListElement\":[{\"@type\":\"ListItem\",\"position\":1,\"name\":\"Startseite\",\"item\":\"https:\\\/\\\/w-filter.eu\\\/en\\\/\"},{\"@type\":\"ListItem\",\"position\":2,\"name\":\"Imprint\"}]},{\"@type\":\"WebSite\",\"@id\":\"https:\\\/\\\/w-filter.eu\\\/en\\\/#website\",\"url\":\"https:\\\/\\\/w-filter.eu\\\/en\\\/\",\"name\":\"W-FILTER Schmutzf\u00e4nger, Hutsiebe, Doppelfilter, Zubeh\u00f6r\",\"description\":\"W-FILTER Siebkorbfilter, Schmutzf\u00e4nger, Hutsiebe, Doppelfilter, Zubeh\u00f6r\",\"alternateName\":\"Ihr kompetenter Partner f\u00fcr Filter.\",\"potentialAction\":[{\"@type\":\"SearchAction\",\"target\":{\"@type\":\"EntryPoint\",\"urlTemplate\":\"https:\\\/\\\/w-filter.eu\\\/en\\\/?s={search_term_string}\"},\"query-input\":{\"@type\":\"PropertyValueSpecification\",\"valueRequired\":true,\"valueName\":\"search_term_string\"}}],\"inLanguage\":\"en-US\"}]}<\/script>\n<!-- \/ Yoast SEO plugin. -->","yoast_head_json":{"title":"Imprint - W-FILTER","robots":{"index":"index","follow":"follow","max-snippet":"max-snippet:-1","max-image-preview":"max-image-preview:large","max-video-preview":"max-video-preview:-1"},"canonical":"https:\/\/w-filter.eu\/en\/imprint\/","og_locale":"en_US","og_type":"article","og_title":"Imprint - W-FILTER","og_url":"https:\/\/w-filter.eu\/en\/imprint\/","og_site_name":"W-FILTER","article_modified_time":"2025-09-06T06:10:44+00:00","twitter_card":"summary_large_image","twitter_misc":{"Est. reading time":"2 minutes"},"schema":{"@context":"https:\/\/schema.org","@graph":[{"@type":"WebPage","@id":"https:\/\/w-filter.eu\/en\/imprint\/","url":"https:\/\/w-filter.eu\/en\/imprint\/","name":"Imprint - W-FILTER","isPartOf":{"@id":"https:\/\/w-filter.eu\/en\/#website"},"datePublished":"2021-07-30T08:59:32+00:00","dateModified":"2025-09-06T06:10:44+00:00","breadcrumb":{"@id":"https:\/\/w-filter.eu\/en\/imprint\/#breadcrumb"},"inLanguage":"en-US","potentialAction":[{"@type":"ReadAction","target":["https:\/\/w-filter.eu\/en\/imprint\/"]}]},{"@type":"BreadcrumbList","@id":"https:\/\/w-filter.eu\/en\/imprint\/#breadcrumb","itemListElement":[{"@type":"ListItem","position":1,"name":"Startseite","item":"https:\/\/w-filter.eu\/en\/"},{"@type":"ListItem","position":2,"name":"Imprint"}]},{"@type":"WebSite","@id":"https:\/\/w-filter.eu\/en\/#website","url":"https:\/\/w-filter.eu\/en\/","name":"W-FILTER Schmutzf\u00e4nger, Hutsiebe, Doppelfilter, Zubeh\u00f6r","description":"W-FILTER Siebkorbfilter, Schmutzf\u00e4nger, Hutsiebe, Doppelfilter, Zubeh\u00f6r","alternateName":"Ihr kompetenter Partner f\u00fcr Filter.","potentialAction":[{"@type":"SearchAction","target":{"@type":"EntryPoint","urlTemplate":"https:\/\/w-filter.eu\/en\/?s={search_term_string}"},"query-input":{"@type":"PropertyValueSpecification","valueRequired":true,"valueName":"search_term_string"}}],"inLanguage":"en-US"}]}},"_links":{"self":[{"href":"https:\/\/w-filter.eu\/en\/wp-json\/wp\/v2\/pages\/2572","targetHints":{"allow":["GET"]}}],"collection":[{"href":"https:\/\/w-filter.eu\/en\/wp-json\/wp\/v2\/pages"}],"about":[{"href":"https:\/\/w-filter.eu\/en\/wp-json\/wp\/v2\/types\/page"}],"author":[{"embeddable":true,"href":"https:\/\/w-filter.eu\/en\/wp-json\/wp\/v2\/users\/1"}],"replies":[{"embeddable":true,"href":"https:\/\/w-filter.eu\/en\/wp-json\/wp\/v2\/comments?post=2572"}],"version-history":[{"count":10,"href":"https:\/\/w-filter.eu\/en\/wp-json\/wp\/v2\/pages\/2572\/revisions"}],"predecessor-version":[{"id":4229,"href":"https:\/\/w-filter.eu\/en\/wp-json\/wp\/v2\/pages\/2572\/revisions\/4229"}],"wp:attachment":[{"href":"https:\/\/w-filter.eu\/en\/wp-json\/wp\/v2\/media?parent=2572"}],"curies":[{"name":"wp","href":"https:\/\/api.w.org\/{rel}","templated":true}]}}